{"id":2123,"date":"2025-02-10T14:03:55","date_gmt":"2025-02-10T12:03:55","guid":{"rendered":"https:\/\/www.greenvalleyhomes.lv\/?page_id=2123"},"modified":"2025-04-02T19:55:12","modified_gmt":"2025-04-02T16:55:12","slug":"kontakti","status":"publish","type":"page","link":"https:\/\/www.greenvalleyhomes.lv\/en\/kontakti\/","title":{"rendered":"Contacts"},"content":{"rendered":"<div data-elementor-type=\"wp-page\" data-elementor-id=\"2123\" class=\"elementor elementor-2123\" data-elementor-post-type=\"page\">\n\t\t\t\t<div class=\"elementor-element elementor-element-97e8c0c e-flex e-con-boxed e-con e-parent\" data-id=\"97e8c0c\" data-element_type=\"container\" data-settings=\"{&quot;background_background&quot;:&quot;classic&quot;}\">\n\t\t\t\t\t<div class=\"e-con-inner\">\n\t\t\t\t<div class=\"elementor-element elementor-element-e042033 elementor-widget elementor-widget-heading\" data-id=\"e042033\" data-element_type=\"widget\" data-widget_type=\"heading.default\">\n\t\t\t\t<div class=\"elementor-widget-container\">\n\t\t\t\t\t<h2 class=\"elementor-heading-title elementor-size-default\">Contacts<\/h2>\t\t\t\t<\/div>\n\t\t\t\t<\/div>\n\t\t\t\t\t<\/div>\n\t\t\t\t<\/div>\n\t\t<div class=\"elementor-element elementor-element-6e27a4f e-flex e-con-boxed e-con e-parent\" data-id=\"6e27a4f\" data-element_type=\"container\">\n\t\t\t\t\t<div class=\"e-con-inner\">\n\t\t\t\t<div class=\"elementor-element elementor-element-310de90 elementor-widget elementor-widget-heading\" data-id=\"310de90\" data-element_type=\"widget\" data-widget_type=\"heading.default\">\n\t\t\t\t<div class=\"elementor-widget-container\">\n\t\t\t\t\t<h2 class=\"elementor-heading-title elementor-size-default\">Contacts<\/h2>\t\t\t\t<\/div>\n\t\t\t\t<\/div>\n\t\t\t\t<div class=\"elementor-element elementor-element-1d8a928 elementor-widget elementor-widget-heading\" data-id=\"1d8a928\" data-element_type=\"widget\" data-widget_type=\"heading.default\">\n\t\t\t\t<div class=\"elementor-widget-container\">\n\t\t\t\t\t<h2 class=\"elementor-heading-title elementor-size-default\">Contact us<\/h2>\t\t\t\t<\/div>\n\t\t\t\t<\/div>\n\t\t\t\t<div class=\"elementor-element elementor-element-ced66dd elementor-button-align-center elementor-widget__width-initial elementor-widget elementor-widget-form\" data-id=\"ced66dd\" data-element_type=\"widget\" data-settings=\"{&quot;step_next_label&quot;:&quot;Next&quot;,&quot;step_previous_label&quot;:&quot;Previous&quot;,&quot;button_width&quot;:&quot;100&quot;,&quot;step_type&quot;:&quot;number_text&quot;,&quot;step_icon_shape&quot;:&quot;circle&quot;}\" data-widget_type=\"form.default\">\n\t\t\t\t<div class=\"elementor-widget-container\">\n\t\t\t\t\t\t\t<form class=\"elementor-form\" method=\"post\" name=\"New Form\" aria-label=\"New Form\">\n\t\t\t<input type=\"hidden\" name=\"post_id\" value=\"2123\"\/>\n\t\t\t<input type=\"hidden\" name=\"form_id\" value=\"ced66dd\"\/>\n\t\t\t<input type=\"hidden\" name=\"referer_title\" value=\"Kontakti - Green Valley\" \/>\n\n\t\t\t\t\t\t\t<input type=\"hidden\" name=\"queried_id\" value=\"2123\"\/>\n\t\t\t\n\t\t\t<div class=\"elementor-form-fields-wrapper elementor-labels-\">\n\t\t\t\t\t\t\t\t<div class=\"elementor-field-type-text elementor-field-group elementor-column elementor-field-group-name elementor-col-50\">\n\t\t\t\t\t\t\t\t\t\t\t\t<label for=\"form-field-name\" class=\"elementor-field-label elementor-screen-only\">\n\t\t\t\t\t\t\t\tName\t\t\t\t\t\t\t<\/label>\n\t\t\t\t\t\t\t\t\t\t\t\t\t\t<input size=\"1\" type=\"text\" name=\"form_fields[name]\" id=\"form-field-name\" class=\"elementor-field elementor-size-sm  elementor-field-textual\" placeholder=\"Name\">\n\t\t\t\t\t\t\t\t\t\t\t<\/div>\n\t\t\t\t\t\t\t\t<div class=\"elementor-field-type-email elementor-field-group elementor-column elementor-field-group-email elementor-col-50 elementor-field-required\">\n\t\t\t\t\t\t\t\t\t\t\t\t<label for=\"form-field-email\" class=\"elementor-field-label elementor-screen-only\">\n\t\t\t\t\t\t\t\tEmail\t\t\t\t\t\t\t<\/label>\n\t\t\t\t\t\t\t\t\t\t\t\t\t\t<input size=\"1\" type=\"email\" name=\"form_fields[email]\" id=\"form-field-email\" class=\"elementor-field elementor-size-sm  elementor-field-textual\" placeholder=\"Email\" required=\"required\">\n\t\t\t\t\t\t\t\t\t\t\t<\/div>\n\t\t\t\t\t\t\t\t<div class=\"elementor-field-type-textarea elementor-field-group elementor-column elementor-field-group-message elementor-col-100\">\n\t\t\t\t\t\t\t\t\t\t\t\t<label for=\"form-field-message\" class=\"elementor-field-label elementor-screen-only\">\n\t\t\t\t\t\t\t\tMessage\t\t\t\t\t\t\t<\/label>\n\t\t\t\t\t\t<textarea class=\"elementor-field-textual elementor-field  elementor-size-sm\" name=\"form_fields[message]\" id=\"form-field-message\" rows=\"4\" placeholder=\"Message\"><\/textarea>\t\t\t\t<\/div>\n\t\t\t\t\t\t\t\t<div class=\"elementor-field-type-recaptcha_v3 elementor-field-group elementor-column elementor-field-group-field_8b46005 elementor-col-100 recaptcha_v3-bottomright\">\n\t\t\t\t\t<div class=\"elementor-field\" id=\"form-field-field_8b46005\"><div class=\"elementor-g-recaptcha\" data-sitekey=\"6LeQNfsqAAAAAMjJABKYNldVWCqCigqmKniYmJQ3\" data-type=\"v3\" data-action=\"Form\" data-badge=\"bottomright\" data-size=\"invisible\"><\/div><\/div>\t\t\t\t<\/div>\n\t\t\t\t\t\t\t\t<div class=\"elementor-field-group elementor-column elementor-field-type-submit elementor-col-100 e-form__buttons\">\n\t\t\t\t\t<button class=\"elementor-button elementor-size-sm\" type=\"submit\">\n\t\t\t\t\t\t<span class=\"elementor-button-content-wrapper\">\n\t\t\t\t\t\t\t\t\t\t\t\t\t\t\t\t\t\t\t\t\t\t<span class=\"elementor-button-text\">Send<\/span>\n\t\t\t\t\t\t\t\t\t\t\t\t\t<\/span>\n\t\t\t\t\t<\/button>\n\t\t\t\t<\/div>\n\t\t\t<\/div>\n\t\t<input type=\"hidden\" name=\"trp-form-language\" value=\"en\"\/><\/form>\n\t\t\t\t\t\t<\/div>\n\t\t\t\t<\/div>\n\t\t\t\t\t<\/div>\n\t\t\t\t<\/div>\n\t\t<div class=\"elementor-element elementor-element-40828ad e-flex e-con-boxed e-con e-parent\" data-id=\"40828ad\" data-element_type=\"container\">\n\t\t\t\t\t<div class=\"e-con-inner\">\n\t\t<div class=\"elementor-element elementor-element-c4a41ab e-con-full e-flex e-con e-child\" data-id=\"c4a41ab\" data-element_type=\"container\">\n\t\t<div class=\"elementor-element elementor-element-2b21ab5 e-con-full e-flex e-con e-child\" data-id=\"2b21ab5\" data-element_type=\"container\">\n\t\t\t\t<div class=\"elementor-element elementor-element-86c0e4d elementor-widget elementor-widget-heading\" data-id=\"86c0e4d\" data-element_type=\"widget\" data-widget_type=\"heading.default\">\n\t\t\t\t<div class=\"elementor-widget-container\">\n\t\t\t\t\t<h2 class=\"elementor-heading-title elementor-size-default\">Phone:<\/h2>\t\t\t\t<\/div>\n\t\t\t\t<\/div>\n\t\t\t\t<div class=\"elementor-element elementor-element-0d99494 elementor-widget elementor-widget-heading\" data-id=\"0d99494\" data-element_type=\"widget\" data-widget_type=\"heading.default\">\n\t\t\t\t<div class=\"elementor-widget-container\">\n\t\t\t\t\t<h2 class=\"elementor-heading-title elementor-size-default\"><a href=\"tel: 371 27056622\">+371 27056622<\/a><\/h2>\t\t\t\t<\/div>\n\t\t\t\t<\/div>\n\t\t\t\t<\/div>\n\t\t\t\t<div class=\"elementor-element elementor-element-cc8dbc8 elementor-widget-divider--view-line elementor-widget elementor-widget-divider\" data-id=\"cc8dbc8\" data-element_type=\"widget\" data-widget_type=\"divider.default\">\n\t\t\t\t<div class=\"elementor-widget-container\">\n\t\t\t\t\t\t\t<div class=\"elementor-divider\">\n\t\t\t<span class=\"elementor-divider-separator\">\n\t\t\t\t\t\t<\/span>\n\t\t<\/div>\n\t\t\t\t\t\t<\/div>\n\t\t\t\t<\/div>\n\t\t<div class=\"elementor-element elementor-element-23493bc e-con-full e-flex e-con e-child\" data-id=\"23493bc\" data-element_type=\"container\">\n\t\t\t\t<div class=\"elementor-element elementor-element-340b85b elementor-widget elementor-widget-heading\" data-id=\"340b85b\" data-element_type=\"widget\" data-widget_type=\"heading.default\">\n\t\t\t\t<div class=\"elementor-widget-container\">\n\t\t\t\t\t<h2 class=\"elementor-heading-title elementor-size-default\">Working hours:<\/h2>\t\t\t\t<\/div>\n\t\t\t\t<\/div>\n\t\t\t\t<div class=\"elementor-element elementor-element-9e64691 elementor-widget elementor-widget-heading\" data-id=\"9e64691\" data-element_type=\"widget\" data-widget_type=\"heading.default\">\n\t\t\t\t<div class=\"elementor-widget-container\">\n\t\t\t\t\t<h2 class=\"elementor-heading-title elementor-size-default\">10:00 - 21:00<\/h2>\t\t\t\t<\/div>\n\t\t\t\t<\/div>\n\t\t\t\t<\/div>\n\t\t\t\t<\/div>\n\t\t<div class=\"elementor-element elementor-element-bed9f02 e-con-full e-flex e-con e-child\" data-id=\"bed9f02\" data-element_type=\"container\">\n\t\t<div class=\"elementor-element elementor-element-6599f08 e-con-full e-flex e-con e-child\" data-id=\"6599f08\" data-element_type=\"container\">\n\t\t\t\t<div class=\"elementor-element elementor-element-3e3c25c elementor-widget elementor-widget-heading\" data-id=\"3e3c25c\" data-element_type=\"widget\" data-widget_type=\"heading.default\">\n\t\t\t\t<div class=\"elementor-widget-container\">\n\t\t\t\t\t<h2 class=\"elementor-heading-title elementor-size-default\">Email:<\/h2>\t\t\t\t<\/div>\n\t\t\t\t<\/div>\n\t\t\t\t<div class=\"elementor-element elementor-element-79c4ea4 elementor-widget elementor-widget-heading\" data-id=\"79c4ea4\" data-element_type=\"widget\" data-widget_type=\"heading.default\">\n\t\t\t\t<div class=\"elementor-widget-container\">\n\t\t\t\t\t<h2 class=\"elementor-heading-title elementor-size-default\"><a href=\"mailto:info@greenvalleyhomes.lv\">info@greenvalleyhomes.lv<\/a><\/h2>\t\t\t\t<\/div>\n\t\t\t\t<\/div>\n\t\t\t\t<\/div>\n\t\t\t\t<div class=\"elementor-element elementor-element-56dbb02 elementor-widget-divider--view-line elementor-widget elementor-widget-divider\" data-id=\"56dbb02\" data-element_type=\"widget\" data-widget_type=\"divider.default\">\n\t\t\t\t<div class=\"elementor-widget-container\">\n\t\t\t\t\t\t\t<div class=\"elementor-divider\">\n\t\t\t<span class=\"elementor-divider-separator\">\n\t\t\t\t\t\t<\/span>\n\t\t<\/div>\n\t\t\t\t\t\t<\/div>\n\t\t\t\t<\/div>\n\t\t<div class=\"elementor-element elementor-element-0a5d8a4 e-con-full e-flex e-con e-child\" data-id=\"0a5d8a4\" data-element_type=\"container\">\n\t\t\t\t<div class=\"elementor-element elementor-element-3b7c74c elementor-widget elementor-widget-heading\" data-id=\"3b7c74c\" data-element_type=\"widget\" data-widget_type=\"heading.default\">\n\t\t\t\t<div class=\"elementor-widget-container\">\n\t\t\t\t\t<h2 class=\"elementor-heading-title elementor-size-default\">Address:<\/h2>\t\t\t\t<\/div>\n\t\t\t\t<\/div>\n\t\t\t\t<div class=\"elementor-element elementor-element-b386090 elementor-widget elementor-widget-heading\" data-id=\"b386090\" data-element_type=\"widget\" data-widget_type=\"heading.default\">\n\t\t\t\t<div class=\"elementor-widget-container\">\n\t\t\t\t\t<h2 class=\"elementor-heading-title elementor-size-default\">Rojas parish, Bro\u0137i, \u017docene, LV-3264, Latvia<\/h2>\t\t\t\t<\/div>\n\t\t\t\t<\/div>\n\t\t\t\t<\/div>\n\t\t\t\t<\/div>\n\t\t\t\t\t<\/div>\n\t\t\t\t<\/div>\n\t\t<div class=\"elementor-element elementor-element-8320fee e-flex e-con-boxed e-con e-parent\" data-id=\"8320fee\" data-element_type=\"container\">\n\t\t\t\t\t<div class=\"e-con-inner\">\n\t\t\t\t<div class=\"elementor-element elementor-element-21dfa5c elementor-widget elementor-widget-google_maps\" data-id=\"21dfa5c\" data-element_type=\"widget\" data-widget_type=\"google_maps.default\">\n\t\t\t\t<div class=\"elementor-widget-container\">\n\t\t\t\t\t\t\t<div class=\"elementor-custom-embed\">\n\t\t\t<iframe loading=\"lazy\"\n\t\t\t\t\tsrc=\"https:\/\/maps.google.com\/maps?q=Rojas%20pag.%2C%20Bro%C4%B7i%2C%20%C5%BDocene%2C%20LV-3264%2C%20Latvija&#038;t=m&#038;z=10&#038;output=embed&#038;iwloc=near\"\n\t\t\t\t\ttitle=\"Rojas parish, Bro\u0137i, \u017docene, LV-3264, Latvia\"\n\t\t\t\t\taria-label=\"Rojas parish, Bro\u0137i, \u017docene, LV-3264, Latvia\"\n\t\t\t><\/iframe>\n\t\t<\/div>\n\t\t\t\t\t\t<\/div>\n\t\t\t\t<\/div>\n\t\t<div class=\"elementor-element elementor-element-ef29de9 e-con-full e-flex e-con e-child\" data-id=\"ef29de9\" data-element_type=\"container\">\n\t\t\t\t<div class=\"elementor-element elementor-element-1c65dfa elementor-widget elementor-widget-button\" data-id=\"1c65dfa\" data-element_type=\"widget\" data-widget_type=\"button.default\">\n\t\t\t\t<div class=\"elementor-widget-container\">\n\t\t\t\t\t\t\t\t\t<div class=\"elementor-button-wrapper\">\n\t\t\t\t\t<a class=\"elementor-button elementor-button-link elementor-size-sm elementor-animation-float\" href=\"https:\/\/www.waze.com\/live-map\/directions\/lv\/talsu-novads\/zocene\/green-valley-vacation-homes?to=place.ChIJq028JPoR7kYRo4qUnli6wq0&#038;from=place.ChIJ8e1tjojh60YRMAnzaM3PAAQ&#038;utm_medium=lm_share_directions&#038;utm_campaign=default&#038;utm_source=waze_website\" target=\"_blank\">\n\t\t\t\t\t\t<span class=\"elementor-button-content-wrapper\">\n\t\t\t\t\t\t<span class=\"elementor-button-icon\">\n\t\t\t\t<svg aria-hidden=\"true\" class=\"e-font-icon-svg e-fab-waze\" viewbox=\"0 0 512 512\" xmlns=\"http:\/\/www.w3.org\/2000\/svg\"><path d=\"M502.17 201.67C516.69 287.53 471.23 369.59 389 409.8c13 34.1-12.4 70.2-48.32 70.2a51.68 51.68 0 0 1-51.57-49c-6.44.19-64.2 0-76.33-.64A51.69 51.69 0 0 1 159 479.92c-33.86-1.36-57.95-34.84-47-67.92-37.21-13.11-72.54-34.87-99.62-70.8-13-17.28-.48-41.8 20.84-41.8 46.31 0 32.22-54.17 43.15-110.26C94.8 95.2 193.12 32 288.09 32c102.48 0 197.15 70.67 214.08 169.67zM373.51 388.28c42-19.18 81.33-56.71 96.29-102.14 40.48-123.09-64.15-228-181.71-228-83.45 0-170.32 55.42-186.07 136-9.53 48.91 5 131.35-68.75 131.35C58.21 358.6 91.6 378.11 127 389.54c24.66-21.8 63.87-15.47 79.83 14.34 14.22 1 79.19 1.18 87.9.82a51.69 51.69 0 0 1 78.78-16.42zM205.12 187.13c0-34.74 50.84-34.75 50.84 0s-50.84 34.74-50.84 0zm116.57 0c0-34.74 50.86-34.75 50.86 0s-50.86 34.75-50.86 0zm-122.61 70.69c-3.44-16.94 22.18-22.18 25.62-5.21l.06.28c4.14 21.42 29.85 44 64.12 43.07 35.68-.94 59.25-22.21 64.11-42.77 4.46-16.05 28.6-10.36 25.47 6-5.23 22.18-31.21 62-91.46 62.9-42.55 0-80.88-27.84-87.9-64.25z\"><\/path><\/svg>\t\t\t<\/span>\n\t\t\t\t\t\t\t\t\t<span class=\"elementor-button-text\">Drive with Waze<\/span>\n\t\t\t\t\t<\/span>\n\t\t\t\t\t<\/a>\n\t\t\t\t<\/div>\n\t\t\t\t\t\t\t\t<\/div>\n\t\t\t\t<\/div>\n\t\t\t\t<div class=\"elementor-element elementor-element-0b1eb3f elementor-widget elementor-widget-button\" data-id=\"0b1eb3f\" data-element_type=\"widget\" data-widget_type=\"button.default\">\n\t\t\t\t<div class=\"elementor-widget-container\">\n\t\t\t\t\t\t\t\t\t<div class=\"elementor-button-wrapper\">\n\t\t\t\t\t<a class=\"elementor-button elementor-button-link elementor-size-sm elementor-animation-float\" href=\"https:\/\/maps.app.goo.gl\/SkWmBzdYeBF96ugPA\" target=\"_blank\">\n\t\t\t\t\t\t<span class=\"elementor-button-content-wrapper\">\n\t\t\t\t\t\t<span class=\"elementor-button-icon\">\n\t\t\t\t<svg aria-hidden=\"true\" class=\"e-font-icon-svg e-fas-map-marker-alt\" viewbox=\"0 0 384 512\" xmlns=\"http:\/\/www.w3.org\/2000\/svg\"><path d=\"M172.268 501.67C26.97 291.031 0 269.413 0 192 0 85.961 85.961 0 192 0s192 85.961 192 192c0 77.413-26.97 99.031-172.268 309.67-9.535 13.774-29.93 13.773-39.464 0zM192 272c44.183 0 80-35.817 80-80s-35.817-80-80-80-80 35.817-80 80 35.817 80 80 80z\"><\/path><\/svg>\t\t\t<\/span>\n\t\t\t\t\t\t\t\t\t<span class=\"elementor-button-text\">Drive with Google Maps<\/span>\n\t\t\t\t\t<\/span>\n\t\t\t\t\t<\/a>\n\t\t\t\t<\/div>\n\t\t\t\t\t\t\t\t<\/div>\n\t\t\t\t<\/div>\n\t\t\t\t<\/div>\n\t\t\t\t\t<\/div>\n\t\t\t\t<\/div>\n\t\t\t\t<\/div>","protected":false},"excerpt":{"rendered":"<p>Kontakti Kontakti Sazinies ar mums T\u0101lrunis: +371 27056622 Darba laiks: 10:00 &#8211; 21:00 E-pasts: info@greenvalleyhomes.lv Adrese: Rojas pag., Bro\u0137i, \u017docene, LV-3264, Latvija Braukt ar Waze Braukt ar Google Maps<\/p>","protected":false},"author":1,"featured_media":0,"parent":0,"menu_order":0,"comment_status":"closed","ping_status":"closed","template":"","meta":{"footnotes":""},"class_list":["post-2123","page","type-page","status-publish","hentry"],"yoast_head":"<!-- This site is optimized with the Yoast SEO Premium plugin v23.2 (Yoast SEO v27.0) - https:\/\/yoast.com\/product\/yoast-seo-premium-wordpress\/ -->\n<title>Kontakti - Green Valley<\/title>\n<meta name=\"description\" content=\"Sazinies ar mums: T\u0101lrunis: +371 27056622, E-pasts: info@greenvalleyhomes.lv, Adrese: Rojas pag., Bro\u0137i, \u017docene, LV-3264, Latvija\" \/>\n<meta name=\"robots\" content=\"index, follow, max-snippet:-1, max-image-preview:large, max-video-preview:-1\" \/>\n<link rel=\"canonical\" href=\"https:\/\/www.greenvalleyhomes.lv\/en\/kontakti\/\" \/>\n<meta property=\"og:locale\" content=\"en_GB\" \/>\n<meta property=\"og:type\" content=\"article\" \/>\n<meta property=\"og:title\" content=\"Kontakti\" \/>\n<meta property=\"og:description\" content=\"Sazinies ar mums: T\u0101lrunis: +371 27056622, E-pasts: info@greenvalleyhomes.lv, Adrese: Rojas pag., Bro\u0137i, \u017docene, LV-3264, Latvija\" \/>\n<meta property=\"og:url\" content=\"https:\/\/www.greenvalleyhomes.lv\/en\/kontakti\/\" \/>\n<meta property=\"og:site_name\" content=\"Green Valley\" \/>\n<meta property=\"article:modified_time\" content=\"2025-04-02T16:55:12+00:00\" \/>\n<meta property=\"og:image\" content=\"https:\/\/www.greenvalleyhomes.lv\/wp-content\/uploads\/2024\/10\/logo.png\" \/>\n\t<meta property=\"og:image:width\" content=\"176\" \/>\n\t<meta property=\"og:image:height\" content=\"128\" \/>\n\t<meta property=\"og:image:type\" content=\"image\/png\" \/>\n<meta name=\"twitter:card\" content=\"summary_large_image\" \/>\n<meta name=\"twitter:label1\" content=\"Estimated reading time\" \/>\n\t<meta name=\"twitter:data1\" content=\"1 minute\" \/>\n<script type=\"application\/ld+json\" class=\"yoast-schema-graph\">{\"@context\":\"https:\/\/schema.org\",\"@graph\":[{\"@type\":\"WebPage\",\"@id\":\"https:\/\/www.greenvalleyhomes.lv\/kontakti\/\",\"url\":\"https:\/\/www.greenvalleyhomes.lv\/kontakti\/\",\"name\":\"Kontakti - Green Valley\",\"isPartOf\":{\"@id\":\"https:\/\/www.greenvalleyhomes.lv\/#website\"},\"datePublished\":\"2025-02-10T12:03:55+00:00\",\"dateModified\":\"2025-04-02T16:55:12+00:00\",\"description\":\"Sazinies ar mums: T\u0101lrunis: +371 27056622, E-pasts: info@greenvalleyhomes.lv, Adrese: Rojas pag., Bro\u0137i, \u017docene, LV-3264, Latvija\",\"breadcrumb\":{\"@id\":\"https:\/\/www.greenvalleyhomes.lv\/kontakti\/#breadcrumb\"},\"inLanguage\":\"en-GB\",\"potentialAction\":[{\"@type\":\"ReadAction\",\"target\":[\"https:\/\/www.greenvalleyhomes.lv\/kontakti\/\"]}]},{\"@type\":\"BreadcrumbList\",\"@id\":\"https:\/\/www.greenvalleyhomes.lv\/kontakti\/#breadcrumb\",\"itemListElement\":[{\"@type\":\"ListItem\",\"position\":1,\"name\":\"Home\",\"item\":\"https:\/\/www.greenvalleyhomes.lv\/\"},{\"@type\":\"ListItem\",\"position\":2,\"name\":\"Kontakti\"}]},{\"@type\":\"WebSite\",\"@id\":\"https:\/\/www.greenvalleyhomes.lv\/#website\",\"url\":\"https:\/\/www.greenvalleyhomes.lv\/\",\"name\":\"Green Valley\",\"description\":\"Laipni l\u016bdzam Green Valley Br\u012bvdienu M\u0101j\u0101s\",\"publisher\":{\"@id\":\"https:\/\/www.greenvalleyhomes.lv\/#organization\"},\"potentialAction\":[{\"@type\":\"SearchAction\",\"target\":{\"@type\":\"EntryPoint\",\"urlTemplate\":\"https:\/\/www.greenvalleyhomes.lv\/?s={search_term_string}\"},\"query-input\":{\"@type\":\"PropertyValueSpecification\",\"valueRequired\":true,\"valueName\":\"search_term_string\"}}],\"inLanguage\":\"en-GB\"},{\"@type\":\"Organization\",\"@id\":\"https:\/\/www.greenvalleyhomes.lv\/#organization\",\"name\":\"Green Valley\",\"url\":\"https:\/\/www.greenvalleyhomes.lv\/\",\"logo\":{\"@type\":\"ImageObject\",\"inLanguage\":\"en-GB\",\"@id\":\"https:\/\/www.greenvalleyhomes.lv\/#\/schema\/logo\/image\/\",\"url\":\"https:\/\/www.greenvalleyhomes.lv\/wp-content\/uploads\/2024\/10\/logo.png\",\"contentUrl\":\"https:\/\/www.greenvalleyhomes.lv\/wp-content\/uploads\/2024\/10\/logo.png\",\"width\":176,\"height\":128,\"caption\":\"Green Valley\"},\"image\":{\"@id\":\"https:\/\/www.greenvalleyhomes.lv\/#\/schema\/logo\/image\/\"},\"sameAs\":[\"https:\/\/www.instagram.com\/dabasosta\/\"],\"description\":\"Izbaudi mierpilnu atp\u016btu Dabas Ost\u0101!\"}]}<\/script>\n<!-- \/ Yoast SEO Premium plugin. -->","yoast_head_json":{"title":"Kontakti - Green Valley","description":"Sazinies ar mums: T\u0101lrunis: +371 27056622, E-pasts: info@greenvalleyhomes.lv, Adrese: Rojas pag., Bro\u0137i, \u017docene, LV-3264, Latvija","robots":{"index":"index","follow":"follow","max-snippet":"max-snippet:-1","max-image-preview":"max-image-preview:large","max-video-preview":"max-video-preview:-1"},"canonical":"https:\/\/www.greenvalleyhomes.lv\/en\/kontakti\/","og_locale":"en_GB","og_type":"article","og_title":"Kontakti","og_description":"Sazinies ar mums: T\u0101lrunis: +371 27056622, E-pasts: info@greenvalleyhomes.lv, Adrese: Rojas pag., Bro\u0137i, \u017docene, LV-3264, Latvija","og_url":"https:\/\/www.greenvalleyhomes.lv\/en\/kontakti\/","og_site_name":"Green Valley","article_modified_time":"2025-04-02T16:55:12+00:00","og_image":[{"width":176,"height":128,"url":"https:\/\/www.greenvalleyhomes.lv\/wp-content\/uploads\/2024\/10\/logo.png","type":"image\/png"}],"twitter_card":"summary_large_image","twitter_misc":{"Estimated reading time":"1 minute"},"schema":{"@context":"https:\/\/schema.org","@graph":[{"@type":"WebPage","@id":"https:\/\/www.greenvalleyhomes.lv\/kontakti\/","url":"https:\/\/www.greenvalleyhomes.lv\/kontakti\/","name":"Kontakti - Green Valley","isPartOf":{"@id":"https:\/\/www.greenvalleyhomes.lv\/#website"},"datePublished":"2025-02-10T12:03:55+00:00","dateModified":"2025-04-02T16:55:12+00:00","description":"Sazinies ar mums: T\u0101lrunis: +371 27056622, E-pasts: info@greenvalleyhomes.lv, Adrese: Rojas pag., Bro\u0137i, \u017docene, LV-3264, Latvija","breadcrumb":{"@id":"https:\/\/www.greenvalleyhomes.lv\/kontakti\/#breadcrumb"},"inLanguage":"en-GB","potentialAction":[{"@type":"ReadAction","target":["https:\/\/www.greenvalleyhomes.lv\/kontakti\/"]}]},{"@type":"BreadcrumbList","@id":"https:\/\/www.greenvalleyhomes.lv\/kontakti\/#breadcrumb","itemListElement":[{"@type":"ListItem","position":1,"name":"Home","item":"https:\/\/www.greenvalleyhomes.lv\/"},{"@type":"ListItem","position":2,"name":"Kontakti"}]},{"@type":"WebSite","@id":"https:\/\/www.greenvalleyhomes.lv\/#website","url":"https:\/\/www.greenvalleyhomes.lv\/","name":"Green Valley","description":"Laipni l\u016bdzam Green Valley Br\u012bvdienu M\u0101j\u0101s","publisher":{"@id":"https:\/\/www.greenvalleyhomes.lv\/#organization"},"potentialAction":[{"@type":"SearchAction","target":{"@type":"EntryPoint","urlTemplate":"https:\/\/www.greenvalleyhomes.lv\/?s={search_term_string}"},"query-input":{"@type":"PropertyValueSpecification","valueRequired":true,"valueName":"search_term_string"}}],"inLanguage":"en-GB"},{"@type":"Organization","@id":"https:\/\/www.greenvalleyhomes.lv\/#organization","name":"Green Valley","url":"https:\/\/www.greenvalleyhomes.lv\/","logo":{"@type":"ImageObject","inLanguage":"en-GB","@id":"https:\/\/www.greenvalleyhomes.lv\/#\/schema\/logo\/image\/","url":"https:\/\/www.greenvalleyhomes.lv\/wp-content\/uploads\/2024\/10\/logo.png","contentUrl":"https:\/\/www.greenvalleyhomes.lv\/wp-content\/uploads\/2024\/10\/logo.png","width":176,"height":128,"caption":"Green Valley"},"image":{"@id":"https:\/\/www.greenvalleyhomes.lv\/#\/schema\/logo\/image\/"},"sameAs":["https:\/\/www.instagram.com\/dabasosta\/"],"description":"Izbaudi mierpilnu atp\u016btu Dabas Ost\u0101!"}]}},"_links":{"self":[{"href":"https:\/\/www.greenvalleyhomes.lv\/en\/wp-json\/wp\/v2\/pages\/2123","targetHints":{"allow":["GET"]}}],"collection":[{"href":"https:\/\/www.greenvalleyhomes.lv\/en\/wp-json\/wp\/v2\/pages"}],"about":[{"href":"https:\/\/www.greenvalleyhomes.lv\/en\/wp-json\/wp\/v2\/types\/page"}],"author":[{"embeddable":true,"href":"https:\/\/www.greenvalleyhomes.lv\/en\/wp-json\/wp\/v2\/users\/1"}],"replies":[{"embeddable":true,"href":"https:\/\/www.greenvalleyhomes.lv\/en\/wp-json\/wp\/v2\/comments?post=2123"}],"version-history":[{"count":0,"href":"https:\/\/www.greenvalleyhomes.lv\/en\/wp-json\/wp\/v2\/pages\/2123\/revisions"}],"wp:attachment":[{"href":"https:\/\/www.greenvalleyhomes.lv\/en\/wp-json\/wp\/v2\/media?parent=2123"}],"curies":[{"name":"wp","href":"https:\/\/api.w.org\/{rel}","templated":true}]}}