{"id":2114,"date":"2025-02-10T13:50:13","date_gmt":"2025-02-10T11:50:13","guid":{"rendered":"https:\/\/www.greenvalleyhomes.lv\/?page_id=2114"},"modified":"2025-03-21T15:55:15","modified_gmt":"2025-03-21T13:55:15","slug":"nosacijumi","status":"publish","type":"page","link":"https:\/\/www.greenvalleyhomes.lv\/en\/nosacijumi\/","title":{"rendered":"Terms"},"content":{"rendered":"<div data-elementor-type=\"wp-page\" data-elementor-id=\"2114\" class=\"elementor elementor-2114\" data-elementor-post-type=\"page\">\n\t\t\t\t<div class=\"elementor-element elementor-element-872797e e-flex e-con-boxed e-con e-parent\" data-id=\"872797e\" data-element_type=\"container\" data-settings=\"{&quot;background_background&quot;:&quot;classic&quot;}\">\n\t\t\t\t\t<div class=\"e-con-inner\">\n\t\t\t\t<div class=\"elementor-element elementor-element-2937591 elementor-widget elementor-widget-heading\" data-id=\"2937591\" data-element_type=\"widget\" data-widget_type=\"heading.default\">\n\t\t\t\t<div class=\"elementor-widget-container\">\n\t\t\t\t\t<h2 class=\"elementor-heading-title elementor-size-default\">Terms<\/h2>\t\t\t\t<\/div>\n\t\t\t\t<\/div>\n\t\t\t\t\t<\/div>\n\t\t\t\t<\/div>\n\t\t<div class=\"elementor-element elementor-element-ac32706 e-flex e-con-boxed e-con e-parent\" data-id=\"ac32706\" data-element_type=\"container\">\n\t\t\t\t\t<div class=\"e-con-inner\">\n\t\t\t\t<div class=\"elementor-element elementor-element-99acaf6 elementor-widget elementor-widget-text-editor\" data-id=\"99acaf6\" data-element_type=\"widget\" data-widget_type=\"text-editor.default\">\n\t\t\t\t<div class=\"elementor-widget-container\">\n\t\t\t\t\t\t\t\t\t<p>Arrival at Green Valley holiday homes is allowed after a prior reservation from 15:00, and check-out is until 12:00 on the last reserved night. An additional fee of 50.00 EUR is charged for each extra hour.<\/p><p>Guests are required to observe quiet hours from 23:00 in the evening until 07:00 in the morning and to follow general behavior rules throughout their stay, without disturbing the relaxation of other guests.<\/p>\t\t\t\t\t\t\t\t<\/div>\n\t\t\t\t<\/div>\n\t\t\t\t<div class=\"elementor-element elementor-element-54f544b elementor-widget elementor-widget-text-editor\" data-id=\"54f544b\" data-element_type=\"widget\" data-widget_type=\"text-editor.default\">\n\t\t\t\t<div class=\"elementor-widget-container\">\n\t\t\t\t\t\t\t\t\t<p><strong>Green Valley holiday homes prohibit:<\/strong><\/p><ol><li>Any loud parties<\/li><li>Damage the house inventory<\/li><li>Remove furniture and other inventory from the house<\/li><li>Bring in and accommodate pets<\/li><li>Bring in and use fire hazards without prior approval, including bringing in and using candles<\/li><li>Conduct fireworks without prior approval<\/li><li>Dump waste in inappropriate places<\/li><\/ol>\t\t\t\t\t\t\t\t<\/div>\n\t\t\t\t<\/div>\n\t\t\t\t\t<\/div>\n\t\t\t\t<\/div>\n\t\t\t\t<\/div>","protected":false},"excerpt":{"rendered":"<p>Nosac\u012bjumi Iera\u0161an\u0101s Green Valley br\u012bvdienu m\u0101j\u0101s iebrauk\u0161ana p\u0113c iepriek\u0161\u0113jas rezerv\u0101cijas ir no plkst 15.00, izbrauk\u0161ana l\u012bdz plkst . 12.00 p\u0113c p\u0113d\u0113j\u0101s rezer\u0113t\u0101s nakts, par katru n\u0101kamo stundu tiek ietur\u0113ta papildus maksa 50.00 EUR. Viesu pien\u0101kums ir iev\u0113rot klusumu no klst 23.00 vakar\u0101 l\u012bdz 7.00 r\u012bt\u0101, k\u0101 ar\u012b iev\u0113rot vispar\u012bgas uzved\u012bbas normas vis\u0101 uztur\u0113\u0161an\u0101s laik\u0101, netrauc\u0113jot [&hellip;]<\/p>","protected":false},"author":1,"featured_media":0,"parent":0,"menu_order":0,"comment_status":"closed","ping_status":"closed","template":"","meta":{"footnotes":""},"class_list":["post-2114","page","type-page","status-publish","hentry"],"yoast_head":"<!-- This site is optimized with the Yoast SEO Premium plugin v23.2 (Yoast SEO v27.0) - https:\/\/yoast.com\/product\/yoast-seo-premium-wordpress\/ -->\n<title>Nosac\u012bjumi - Green Valley<\/title>\n<meta name=\"description\" content=\"Iera\u0161an\u0101s Green Valley br\u012bvdienu m\u0101j\u0101s iebrauk\u0161ana p\u0113c iepriek\u0161\u0113jas rezerv\u0101cijas ir no plkst 15.00, izbrauk\u0161ana l\u012bdz plkst . 12.00\" \/>\n<meta name=\"robots\" content=\"index, follow, max-snippet:-1, max-image-preview:large, max-video-preview:-1\" \/>\n<link rel=\"canonical\" href=\"https:\/\/www.greenvalleyhomes.lv\/en\/nosacijumi\/\" \/>\n<meta property=\"og:locale\" content=\"en_GB\" \/>\n<meta property=\"og:type\" content=\"article\" \/>\n<meta property=\"og:title\" content=\"Nosac\u012bjumi\" \/>\n<meta property=\"og:description\" content=\"Iera\u0161an\u0101s Green Valley br\u012bvdienu m\u0101j\u0101s iebrauk\u0161ana p\u0113c iepriek\u0161\u0113jas rezerv\u0101cijas ir no plkst 15.00, izbrauk\u0161ana l\u012bdz plkst . 12.00\" \/>\n<meta property=\"og:url\" content=\"https:\/\/www.greenvalleyhomes.lv\/en\/nosacijumi\/\" \/>\n<meta property=\"og:site_name\" content=\"Green Valley\" \/>\n<meta property=\"article:modified_time\" content=\"2025-03-21T13:55:15+00:00\" \/>\n<meta property=\"og:image\" content=\"https:\/\/www.greenvalleyhomes.lv\/wp-content\/uploads\/2024\/10\/logo.png\" \/>\n\t<meta property=\"og:image:width\" content=\"176\" \/>\n\t<meta property=\"og:image:height\" content=\"128\" \/>\n\t<meta property=\"og:image:type\" content=\"image\/png\" \/>\n<meta name=\"twitter:card\" content=\"summary_large_image\" \/>\n<meta name=\"twitter:label1\" content=\"Estimated reading time\" \/>\n\t<meta name=\"twitter:data1\" content=\"1 minute\" \/>\n<script type=\"application\/ld+json\" class=\"yoast-schema-graph\">{\"@context\":\"https:\/\/schema.org\",\"@graph\":[{\"@type\":\"WebPage\",\"@id\":\"https:\/\/www.greenvalleyhomes.lv\/nosacijumi\/\",\"url\":\"https:\/\/www.greenvalleyhomes.lv\/nosacijumi\/\",\"name\":\"Nosac\u012bjumi - Green Valley\",\"isPartOf\":{\"@id\":\"https:\/\/www.greenvalleyhomes.lv\/#website\"},\"datePublished\":\"2025-02-10T11:50:13+00:00\",\"dateModified\":\"2025-03-21T13:55:15+00:00\",\"description\":\"Iera\u0161an\u0101s Green Valley br\u012bvdienu m\u0101j\u0101s iebrauk\u0161ana p\u0113c iepriek\u0161\u0113jas rezerv\u0101cijas ir no plkst 15.00, izbrauk\u0161ana l\u012bdz plkst . 12.00\",\"breadcrumb\":{\"@id\":\"https:\/\/www.greenvalleyhomes.lv\/nosacijumi\/#breadcrumb\"},\"inLanguage\":\"en-GB\",\"potentialAction\":[{\"@type\":\"ReadAction\",\"target\":[\"https:\/\/www.greenvalleyhomes.lv\/nosacijumi\/\"]}]},{\"@type\":\"BreadcrumbList\",\"@id\":\"https:\/\/www.greenvalleyhomes.lv\/nosacijumi\/#breadcrumb\",\"itemListElement\":[{\"@type\":\"ListItem\",\"position\":1,\"name\":\"Home\",\"item\":\"https:\/\/www.greenvalleyhomes.lv\/\"},{\"@type\":\"ListItem\",\"position\":2,\"name\":\"Nosac\u012bjumi\"}]},{\"@type\":\"WebSite\",\"@id\":\"https:\/\/www.greenvalleyhomes.lv\/#website\",\"url\":\"https:\/\/www.greenvalleyhomes.lv\/\",\"name\":\"Green Valley\",\"description\":\"Laipni l\u016bdzam Green Valley Br\u012bvdienu M\u0101j\u0101s\",\"publisher\":{\"@id\":\"https:\/\/www.greenvalleyhomes.lv\/#organization\"},\"potentialAction\":[{\"@type\":\"SearchAction\",\"target\":{\"@type\":\"EntryPoint\",\"urlTemplate\":\"https:\/\/www.greenvalleyhomes.lv\/?s={search_term_string}\"},\"query-input\":{\"@type\":\"PropertyValueSpecification\",\"valueRequired\":true,\"valueName\":\"search_term_string\"}}],\"inLanguage\":\"en-GB\"},{\"@type\":\"Organization\",\"@id\":\"https:\/\/www.greenvalleyhomes.lv\/#organization\",\"name\":\"Green Valley\",\"url\":\"https:\/\/www.greenvalleyhomes.lv\/\",\"logo\":{\"@type\":\"ImageObject\",\"inLanguage\":\"en-GB\",\"@id\":\"https:\/\/www.greenvalleyhomes.lv\/#\/schema\/logo\/image\/\",\"url\":\"https:\/\/www.greenvalleyhomes.lv\/wp-content\/uploads\/2024\/10\/logo.png\",\"contentUrl\":\"https:\/\/www.greenvalleyhomes.lv\/wp-content\/uploads\/2024\/10\/logo.png\",\"width\":176,\"height\":128,\"caption\":\"Green Valley\"},\"image\":{\"@id\":\"https:\/\/www.greenvalleyhomes.lv\/#\/schema\/logo\/image\/\"},\"sameAs\":[\"https:\/\/www.instagram.com\/dabasosta\/\"],\"description\":\"Izbaudi mierpilnu atp\u016btu Dabas Ost\u0101!\"}]}<\/script>\n<!-- \/ Yoast SEO Premium plugin. -->","yoast_head_json":{"title":"Nosac\u012bjumi - Green Valley","description":"Iera\u0161an\u0101s Green Valley br\u012bvdienu m\u0101j\u0101s iebrauk\u0161ana p\u0113c iepriek\u0161\u0113jas rezerv\u0101cijas ir no plkst 15.00, izbrauk\u0161ana l\u012bdz plkst . 12.00","robots":{"index":"index","follow":"follow","max-snippet":"max-snippet:-1","max-image-preview":"max-image-preview:large","max-video-preview":"max-video-preview:-1"},"canonical":"https:\/\/www.greenvalleyhomes.lv\/en\/nosacijumi\/","og_locale":"en_GB","og_type":"article","og_title":"Nosac\u012bjumi","og_description":"Iera\u0161an\u0101s Green Valley br\u012bvdienu m\u0101j\u0101s iebrauk\u0161ana p\u0113c iepriek\u0161\u0113jas rezerv\u0101cijas ir no plkst 15.00, izbrauk\u0161ana l\u012bdz plkst . 12.00","og_url":"https:\/\/www.greenvalleyhomes.lv\/en\/nosacijumi\/","og_site_name":"Green Valley","article_modified_time":"2025-03-21T13:55:15+00:00","og_image":[{"width":176,"height":128,"url":"https:\/\/www.greenvalleyhomes.lv\/wp-content\/uploads\/2024\/10\/logo.png","type":"image\/png"}],"twitter_card":"summary_large_image","twitter_misc":{"Estimated reading time":"1 minute"},"schema":{"@context":"https:\/\/schema.org","@graph":[{"@type":"WebPage","@id":"https:\/\/www.greenvalleyhomes.lv\/nosacijumi\/","url":"https:\/\/www.greenvalleyhomes.lv\/nosacijumi\/","name":"Nosac\u012bjumi - Green Valley","isPartOf":{"@id":"https:\/\/www.greenvalleyhomes.lv\/#website"},"datePublished":"2025-02-10T11:50:13+00:00","dateModified":"2025-03-21T13:55:15+00:00","description":"Iera\u0161an\u0101s Green Valley br\u012bvdienu m\u0101j\u0101s iebrauk\u0161ana p\u0113c iepriek\u0161\u0113jas rezerv\u0101cijas ir no plkst 15.00, izbrauk\u0161ana l\u012bdz plkst . 12.00","breadcrumb":{"@id":"https:\/\/www.greenvalleyhomes.lv\/nosacijumi\/#breadcrumb"},"inLanguage":"en-GB","potentialAction":[{"@type":"ReadAction","target":["https:\/\/www.greenvalleyhomes.lv\/nosacijumi\/"]}]},{"@type":"BreadcrumbList","@id":"https:\/\/www.greenvalleyhomes.lv\/nosacijumi\/#breadcrumb","itemListElement":[{"@type":"ListItem","position":1,"name":"Home","item":"https:\/\/www.greenvalleyhomes.lv\/"},{"@type":"ListItem","position":2,"name":"Nosac\u012bjumi"}]},{"@type":"WebSite","@id":"https:\/\/www.greenvalleyhomes.lv\/#website","url":"https:\/\/www.greenvalleyhomes.lv\/","name":"Green Valley","description":"Laipni l\u016bdzam Green Valley Br\u012bvdienu M\u0101j\u0101s","publisher":{"@id":"https:\/\/www.greenvalleyhomes.lv\/#organization"},"potentialAction":[{"@type":"SearchAction","target":{"@type":"EntryPoint","urlTemplate":"https:\/\/www.greenvalleyhomes.lv\/?s={search_term_string}"},"query-input":{"@type":"PropertyValueSpecification","valueRequired":true,"valueName":"search_term_string"}}],"inLanguage":"en-GB"},{"@type":"Organization","@id":"https:\/\/www.greenvalleyhomes.lv\/#organization","name":"Green Valley","url":"https:\/\/www.greenvalleyhomes.lv\/","logo":{"@type":"ImageObject","inLanguage":"en-GB","@id":"https:\/\/www.greenvalleyhomes.lv\/#\/schema\/logo\/image\/","url":"https:\/\/www.greenvalleyhomes.lv\/wp-content\/uploads\/2024\/10\/logo.png","contentUrl":"https:\/\/www.greenvalleyhomes.lv\/wp-content\/uploads\/2024\/10\/logo.png","width":176,"height":128,"caption":"Green Valley"},"image":{"@id":"https:\/\/www.greenvalleyhomes.lv\/#\/schema\/logo\/image\/"},"sameAs":["https:\/\/www.instagram.com\/dabasosta\/"],"description":"Izbaudi mierpilnu atp\u016btu Dabas Ost\u0101!"}]}},"_links":{"self":[{"href":"https:\/\/www.greenvalleyhomes.lv\/en\/wp-json\/wp\/v2\/pages\/2114","targetHints":{"allow":["GET"]}}],"collection":[{"href":"https:\/\/www.greenvalleyhomes.lv\/en\/wp-json\/wp\/v2\/pages"}],"about":[{"href":"https:\/\/www.greenvalleyhomes.lv\/en\/wp-json\/wp\/v2\/types\/page"}],"author":[{"embeddable":true,"href":"https:\/\/www.greenvalleyhomes.lv\/en\/wp-json\/wp\/v2\/users\/1"}],"replies":[{"embeddable":true,"href":"https:\/\/www.greenvalleyhomes.lv\/en\/wp-json\/wp\/v2\/comments?post=2114"}],"version-history":[{"count":0,"href":"https:\/\/www.greenvalleyhomes.lv\/en\/wp-json\/wp\/v2\/pages\/2114\/revisions"}],"wp:attachment":[{"href":"https:\/\/www.greenvalleyhomes.lv\/en\/wp-json\/wp\/v2\/media?parent=2114"}],"curies":[{"name":"wp","href":"https:\/\/api.w.org\/{rel}","templated":true}]}}